{"id":9,"date":"2021-10-04T10:54:42","date_gmt":"2021-10-04T08:54:42","guid":{"rendered":"http:\/\/gfa-estragon.com\/?page_id=9"},"modified":"2021-10-04T10:55:55","modified_gmt":"2021-10-04T08:55:55","slug":"mentions-legales","status":"publish","type":"page","link":"https:\/\/gfa-estragon.com\/index.php\/gfa-estragon\/mentions-legales\/","title":{"rendered":"Mentions l\u00e9gales"},"content":{"rendered":"\n<p><strong>Responsable de la publication<\/strong><\/p>\n\n\n\n<p>Ce site est une publication de GFA Estragon, dont le si\u00e8ge est domicili\u00e9 au 2837 CHEMIN DU PRE D&rsquo;AUGE, 14100 SAINT-DESIR.<\/p>\n\n\n\n<p><strong>Droits et reproduction<\/strong><\/p>\n\n\n\n<p>Tous droits r\u00e9serv\u00e9s.&nbsp;<\/p>\n\n\n\n<p>Conform\u00e9ment aux dispositions de l\u2019article L. 122-4 du Code de la propri\u00e9t\u00e9 intellectuelle, toute reproduction d\u2019un contenu partiel ou total de ce site est interdite, quelle que soit sa forme (reproduction, imbrication, diffusion, techniques du \u00ab inline linking \u00bb et du \u00ab framing \u00bb\u2026).<\/p>\n\n\n\n<p>Les contenus du site (textes, articles et photos) sont la propri\u00e9t\u00e9 exclusive de leurs auteurs et ne peuvent \u00eatre reproduits ni exploit\u00e9s sans l\u2019accord \u00e9crit de ceux-ci. Les \u00e9l\u00e9ments techniques (back-office d\u2019administration, services, infrastructure, \u2026) sont distribu\u00e9s sous WordPress.<\/p>\n\n\n\n<p><strong>H\u00e9bergement, conception et promotion<\/strong><\/p>\n\n\n\n<p>Ce site Internet est h\u00e9berg\u00e9 par la soci\u00e9t\u00e9 OVH SAS, dont le si\u00e8ge social est situ\u00e9 2 rue Kellermann &#8211; 59100&nbsp;Roubaix &#8211; France. Cet h\u00e9bergeur poss\u00e8de \u00e0 ce jour les \u00e9l\u00e9ments d\u2019identification personnelle concernant le responsable de publication du site.<\/p>\n\n\n\n<p><strong>Donn\u00e9es personnelles<\/strong><\/p>\n\n\n\n<p>Ce site applique strictement la loi 78-17 du 6 janvier 1978 relative \u00e0 \u00ab l\u2019informatique, aux fichiers et aux libert\u00e9s \u00bb ainsi que les principes d\u00e9ontologiques qui en d\u00e9coulent quant aux informations personnelles que vous pouvez \u00eatre amen\u00e9s \u00e0 nous communiquer dans le cadre de votre passage sur notre site Internet. Nous mettons en \u0153uvre les moyens disponibles dans l\u2019\u00e9tat de la technique pour assurer la confidentialit\u00e9 et la s\u00e9curit\u00e9 des donn\u00e9es transmises sur Internet.<\/p>\n\n\n\n<p>Malgr\u00e9 ces moyens, il nous est impossible de garantir l\u2019int\u00e9grit\u00e9 et la confidentialit\u00e9 de ces donn\u00e9es lors de leur transfert en sortie ou en entr\u00e9e de l\u2019ordinateur de l\u2019internaute et sur les lignes exploit\u00e9es par fournisseurs d\u2019acc\u00e8s.<\/p>\n\n\n\n<p><strong>Collecte et traitement des donn\u00e9es<\/strong><\/p>\n\n\n\n<p>Nous nous r\u00e9servons le droit de collecter, de conserver et de traiter les donn\u00e9es nominatives que vous nous communiquez, par tous moyens rendus possibles par la technique, dans le but d\u2019am\u00e9liorer la qualit\u00e9 de nos services et de faciliter une navigation conviviale. Pour joindre le responsable du traitement des donn\u00e9es \u00e0 caract\u00e8re personnel vous pouvez utiliser les coordonn\u00e9es disponibles ci-dessous.<\/p>\n\n\n\n<p><strong>Transmission des donn\u00e9es personnelles \u00e0 des tiers<\/strong><\/p>\n\n\n\n<p>Sauf autorisation expresse de votre part recueillie sur le site, vos Donn\u00e9es Personnelles ne sont pas transmises \u00e0 d\u2019autres tiers par nos services.<\/p>\n\n\n\n<p><strong>D\u00e9claration \u00e0 la CNIL<\/strong><\/p>\n\n\n\n<p>Les \u00e9ventuels collectes et traitements automatis\u00e9s d\u2019informations personnelles et nominatives et les destinataires de ces informations ont \u00e9t\u00e9 d\u00e9finis, d\u00e9clar\u00e9s et autoris\u00e9s par la CNIL.<\/p>\n\n\n\n<p><strong>Conditions d\u2019utilisation<\/strong><\/p>\n\n\n\n<p>Dans le cadre de l\u2019exploitation du site, l\u2019\u00e9quipe \u00e9ditoriale mod\u00e9rera a posteriori les \u00e9ventuels avis, commentaires et r\u00e9troliens. Toutefois, l\u2019\u00e9quipe \u00e9ditoriale ne peut v\u00e9rifier l\u2019authenticit\u00e9 de certains contenus (textes, images, vid\u00e9os) ainsi que le respect des droits de propri\u00e9t\u00e9 intellectuelle rattach\u00e9s \u00e0 ce type de contenu. En cons\u00e9quence, l\u2019\u00e9quipe \u00e9ditoriale s\u2019engage \u00e0 retirer du pr\u00e9sent site tout message \u00e0 contenu illicite, commentaire, ou r\u00e9trolien, d\u00e8s qu\u2019elle aura pris connaissance de celui-ci, post\u00e9rieurement \u00e0 sa publication.<\/p>\n\n\n\n<p><strong>Services et contenus<\/strong><\/p>\n\n\n\n<p><strong><em>Contenus<\/em><\/strong><\/p>\n\n\n\n<p>Les contenus de ce site Internet sont \u00e9labor\u00e9s et entretenus avec le plus grand soin. A ce titre, aucun contenu illicite ni diffamatoire n\u2019est accept\u00e9 sur ceux-ci, tout comme pour les contenus pouvant \u00eatre consid\u00e9r\u00e9s comme \u00ab publicit\u00e9 trompeuse \u00bb au sens des articles 121-1 et suivants du Code de la Consommation. D\u2019autre part, les textes pr\u00e9sents provenant de sources externes ont \u00e9t\u00e9 reproduits avec l\u2019accord implicite ou explicite de leurs auteurs respectifs. A ce titre, mention est faite sur le site des sources et des auteurs respectifs.<\/p>\n\n\n\n<p><strong><em>Liens externes<\/em><\/strong><\/p>\n\n\n\n<p>Les liens avec des sites ext\u00e9rieurs ne sont fournis qu\u2019\u00e0 titre de commodit\u00e9 et n\u2019impliquent aucune caution quant \u00e0 leur contenu. Ils redirigent l\u2019utilisateur vers des sites dont le contenu est plac\u00e9 sous la responsabilit\u00e9 de leurs \u00e9diteurs. En aucun cas, l\u2019\u00e9diteur ne pourra \u00eatre tenu responsable des informations publi\u00e9es sur ces sites.<\/p>\n\n\n\n<p>Toutefois, notre volont\u00e9 \u00e9tant de diffuser des contenus de qualit\u00e9, nous vous demandons de bien vouloir nous signaler tout contenu pouvant vous sembler illicite sur les sites vers lesquels des liens auront pu \u00eatre mis en place.<\/p>\n\n\n\n<p><strong>Contact<\/strong><\/p>\n\n\n\n<p>Pour tous renseignements, n\u2019h\u00e9sitez pas prendre contact avec nous&nbsp;:<\/p>\n\n\n\n<p>GFA Estragon<\/p>\n\n\n\n<p>2837 route du Pr\u00e9 d&rsquo;Auge<\/p>\n\n\n\n<p>14100 Saint-D\u00e9sir<\/p>\n\n\n\n<p>info@gfa-estragon.com<\/p>\n","protected":false},"excerpt":{"rendered":"<p>Responsable de la publication Ce site est une publication de GFA Estragon, dont le si\u00e8ge est domicili\u00e9 au 2837 CHEMIN DU PRE D&rsquo;AUGE, 14100 SAINT-DESIR. Droits et reproduction Tous droits r\u00e9serv\u00e9s.&nbsp; Conform\u00e9ment aux dispositions de l\u2019article L. 122-4 du Code de la propri\u00e9t\u00e9 intellectuelle, toute reproduction d\u2019un contenu partiel ou total de ce site est [&hellip;]<\/p>\n","protected":false},"author":2,"featured_media":23,"parent":15,"menu_order":1,"comment_status":"closed","ping_status":"closed","template":"","meta":{"footnotes":""},"class_list":["post-9","page","type-page","status-publish","has-post-thumbnail","hentry"],"_links":{"self":[{"href":"https:\/\/gfa-estragon.com\/index.php\/wp-json\/wp\/v2\/pages\/9","targetHints":{"allow":["GET"]}}],"collection":[{"href":"https:\/\/gfa-estragon.com\/index.php\/wp-json\/wp\/v2\/pages"}],"about":[{"href":"https:\/\/gfa-estragon.com\/index.php\/wp-json\/wp\/v2\/types\/page"}],"author":[{"embeddable":true,"href":"https:\/\/gfa-estragon.com\/index.php\/wp-json\/wp\/v2\/users\/2"}],"replies":[{"embeddable":true,"href":"https:\/\/gfa-estragon.com\/index.php\/wp-json\/wp\/v2\/comments?post=9"}],"version-history":[{"count":2,"href":"https:\/\/gfa-estragon.com\/index.php\/wp-json\/wp\/v2\/pages\/9\/revisions"}],"predecessor-version":[{"id":24,"href":"https:\/\/gfa-estragon.com\/index.php\/wp-json\/wp\/v2\/pages\/9\/revisions\/24"}],"up":[{"embeddable":true,"href":"https:\/\/gfa-estragon.com\/index.php\/wp-json\/wp\/v2\/pages\/15"}],"wp:featuredmedia":[{"embeddable":true,"href":"https:\/\/gfa-estragon.com\/index.php\/wp-json\/wp\/v2\/media\/23"}],"wp:attachment":[{"href":"https:\/\/gfa-estragon.com\/index.php\/wp-json\/wp\/v2\/media?parent=9"}],"curies":[{"name":"wp","href":"https:\/\/api.w.org\/{rel}","templated":true}]}}