{"id":15,"date":"2021-10-04T10:22:27","date_gmt":"2021-10-04T08:22:27","guid":{"rendered":"http:\/\/gfa-estragon.com\/?page_id=15"},"modified":"2022-08-13T21:42:44","modified_gmt":"2022-08-13T19:42:44","slug":"gfa-estragon","status":"publish","type":"page","link":"https:\/\/gfa-estragon.com\/","title":{"rendered":"Domaine du Lieu Paisant"},"content":{"rendered":"\n<p>Le haras du Domaine du Lieu Paisant loge une quarantaine de chevaux dans un cadre unique. Nich\u00e9 au c\u0153ur du Pays d&rsquo;Auge en Normandie, \u00e0 deux pas de Lisieux,&nbsp;sa situation est id\u00e9ale.<\/p>\n","protected":false},"excerpt":{"rendered":"<p>Le haras du Domaine du Lieu Paisant loge une quarantaine de chevaux dans un cadre unique. Nich\u00e9 au c\u0153ur du Pays d&rsquo;Auge en Normandie, \u00e0 deux pas de Lisieux,&nbsp;sa situation est id\u00e9ale.<\/p>\n","protected":false},"author":2,"featured_media":66,"parent":0,"menu_order":0,"comment_status":"closed","ping_status":"closed","template":"","meta":{"footnotes":""},"class_list":["post-15","page","type-page","status-publish","has-post-thumbnail","hentry"],"_links":{"self":[{"href":"https:\/\/gfa-estragon.com\/index.php\/wp-json\/wp\/v2\/pages\/15","targetHints":{"allow":["GET"]}}],"collection":[{"href":"https:\/\/gfa-estragon.com\/index.php\/wp-json\/wp\/v2\/pages"}],"about":[{"href":"https:\/\/gfa-estragon.com\/index.php\/wp-json\/wp\/v2\/types\/page"}],"author":[{"embeddable":true,"href":"https:\/\/gfa-estragon.com\/index.php\/wp-json\/wp\/v2\/users\/2"}],"replies":[{"embeddable":true,"href":"https:\/\/gfa-estragon.com\/index.php\/wp-json\/wp\/v2\/comments?post=15"}],"version-history":[{"count":4,"href":"https:\/\/gfa-estragon.com\/index.php\/wp-json\/wp\/v2\/pages\/15\/revisions"}],"predecessor-version":[{"id":28,"href":"https:\/\/gfa-estragon.com\/index.php\/wp-json\/wp\/v2\/pages\/15\/revisions\/28"}],"wp:featuredmedia":[{"embeddable":true,"href":"https:\/\/gfa-estragon.com\/index.php\/wp-json\/wp\/v2\/media\/66"}],"wp:attachment":[{"href":"https:\/\/gfa-estragon.com\/index.php\/wp-json\/wp\/v2\/media?parent=15"}],"curies":[{"name":"wp","href":"https:\/\/api.w.org\/{rel}","templated":true}]}}